{"id":43,"date":"2013-11-06T22:58:18","date_gmt":"2013-11-06T22:58:18","guid":{"rendered":"http:\/\/www.solardealarcao.pt\/?page_id=43"},"modified":"2021-09-10T12:39:31","modified_gmt":"2021-09-10T12:39:31","slug":"solar-de-alarcao","status":"publish","type":"page","link":"https:\/\/www.solardealarcao.pt\/?page_id=43","title":{"rendered":"Solar de Alarc\u00e3o"},"content":{"rendered":"<p style=\"text-align: justify;\"><strong><a href=\"https:\/\/www.solardealarcao.pt\/wp-content\/uploads\/2013\/11\/BRASAO.jpg\" rel=\"fancybox[43]\"><img decoding=\"async\" loading=\"lazy\" class=\" wp-image-60 alignleft\" title=\"BRASAO\" src=\"https:\/\/www.solardealarcao.pt\/wp-content\/uploads\/2013\/11\/BRASAO.jpg\" alt=\"\" width=\"209\" height=\"314\" srcset=\"https:\/\/www.solardealarcao.pt\/wp-content\/uploads\/2013\/11\/BRASAO.jpg 349w, https:\/\/www.solardealarcao.pt\/wp-content\/uploads\/2013\/11\/BRASAO-200x300.jpg 200w\" sizes=\"(max-width: 209px) 100vw, 209px\" \/><\/a>Solar de Alarc\u00e3o<\/strong> foi constru\u00eddo em 1686, fica situado em pleno centro hist\u00f3rico da Guarda, junto \u00e0 S\u00e9 Catedral. Passando o port\u00e3o entra-se num p\u00e1tio em lage que serve de estacionamento, onde se destaca a entrada \u00e0 capela anexa \u00e0 casa. Apresenta uma interessante galeria coberta e escadaria de volutas no corrim\u00e3o de pedra.<\/p>\n<p style=\"text-align: justify;\">Nas traseiras existe um jardim com esplanada, o qual possui, duas magn\u00f3lias, algumas \u00e1rvores de fruto e uma vista magn\u00edfica sobre a cidade.<br \/>\nOs seus interiores denotam uma viv\u00eancia tranquila. Disp\u00f5e de 3 quartos para alojamento tur\u00edstico, com wc, televis\u00e3o, aquecimento central, nos quais predomina um clima elegante e sereno, fazendo-se evidenciar certos pormenores decorativos.<br \/>\nDisp\u00f5e ainda de tr\u00eas salas de estar com lareira, dentre as quais uma \u00e9 sala de jogos, com mesa de snooker e v\u00e1rios jogos de tabuleiro.<br \/>\nO pequeno-almo\u00e7o, composto por produtos regionais, \u00e9 servido diariamente no Sal\u00e3o de Ch\u00e1 &#8211; O Bule, anexo \u00e0 casa, ou a pedido, numa das salas, no jardim ou na privacidade do quarto.<br \/>\n<strong>Guarda \u00e9 a cidade mais alta de Portugal<\/strong>, exaltada por poetas e artistas, ergue-se a 1056 m de altitude na vertente noroeste da cadeia montanhosa da Serra da Estrela e \u00e9 conhecida como a cidade dos 5 F &#8216;s: Forte, Farta, Fria, Fiel e Formosa.<\/p>\n<p style=\"text-align: justify;\">Destacam-se os seguintes locais hist\u00f3ricos a visitar: <strong>S\u00e9 Catedral<\/strong>, <strong>Igreja de S. Vicente<\/strong>, <strong>Igreja da Miseric\u00f3rdia<\/strong>, <strong>Torre de Menagem<\/strong>, <strong>Judiaria e Museu<\/strong>, estando todos eles a menos de 400 metros do Solar de Alarc\u00e3o.<br \/>\nO Teatro Municipal da Guarda \u00e9 tamb\u00e9m um local de visita obrigat\u00f3ria, localiza-se a 600 metros do Solar e apresenta excelentes espect\u00e1culos, frequentemente.<\/p>\n<p style=\"text-align: justify;\">Toda a regi\u00e3o \u00e9 marcada pelo granito, pelo clima contrastado de montanha e pelo seu ar puro (foi distinguida em 2002 como a primeira cidade Bioclim\u00e1tica Ib\u00e9rica) e frio que permite a cura e manufactura de fumeiro e queijaria de alt\u00edssima qualidade. A gastronomia da regi\u00e3o, poder\u00e1 ser apreciada nos v\u00e1rios restaurantes existentes na cidade.<br \/>\nA Rota dos 20 Castelos e Aldeias Hist\u00f3ricas, Rota das Antigas Judiarias, Rota da L\u00e3, Rota dos Vales Glaci\u00e1rios, ou os 4 rios, s\u00e3o formas muito interessantes para conhecer a regi\u00e3o.<br \/>\nA cidade possui acessos rodovi\u00e1rios importantes como a <a href=\"http:\/\/pt.wikipedia.org\/wiki\/A25\">A25<\/a> que a liga a Aveiro e ao Porto bem como \u00e0 fronteira, dando liga\u00e7\u00e3o directa a Madrid; a <a href=\"http:\/\/pt.wikipedia.org\/wiki\/A23\">A23<\/a> que liga a Guarda a Lisboa e ao Sul de Portugal, bem como o <a href=\"http:\/\/pt.wikipedia.org\/wiki\/IP2\">IP2<\/a> que liga a Guarda a <a href=\"http:\/\/pt.wikipedia.org\/wiki\/Tr%C3%A1s_os_Montes_e_Alto_Douro\">Tr\u00e1s os Montes e Alto Douro<\/a>. A n\u00edvel ferrovi\u00e1rio, a Cidade da Guarda possui a Linha da Beira Baixa e a linha da Beira Alta.<\/p>\n","protected":false},"excerpt":{"rendered":"<p>Solar de Alarc\u00e3o foi constru\u00eddo em 1686, fica situado em pleno centro hist\u00f3rico da Guarda, junto \u00e0 S\u00e9 Catedral. Passando o port\u00e3o entra-se num p\u00e1tio em lage que serve de estacionamento, onde se destaca a entrada \u00e0 capela anexa \u00e0 casa. Apresenta uma interessante galeria coberta e escadaria de volutas[&#8230;]<\/p>\n","protected":false},"author":1,"featured_media":131,"parent":0,"menu_order":0,"comment_status":"open","ping_status":"open","template":"","meta":[],"_links":{"self":[{"href":"https:\/\/www.solardealarcao.pt\/index.php?rest_route=\/wp\/v2\/pages\/43"}],"collection":[{"href":"https:\/\/www.solardealarcao.pt\/index.php?rest_route=\/wp\/v2\/pages"}],"about":[{"href":"https:\/\/www.solardealarcao.pt\/index.php?rest_route=\/wp\/v2\/types\/page"}],"author":[{"embeddable":true,"href":"https:\/\/www.solardealarcao.pt\/index.php?rest_route=\/wp\/v2\/users\/1"}],"replies":[{"embeddable":true,"href":"https:\/\/www.solardealarcao.pt\/index.php?rest_route=%2Fwp%2Fv2%2Fcomments&post=43"}],"version-history":[{"count":13,"href":"https:\/\/www.solardealarcao.pt\/index.php?rest_route=\/wp\/v2\/pages\/43\/revisions"}],"predecessor-version":[{"id":323,"href":"https:\/\/www.solardealarcao.pt\/index.php?rest_route=\/wp\/v2\/pages\/43\/revisions\/323"}],"wp:featuredmedia":[{"embeddable":true,"href":"https:\/\/www.solardealarcao.pt\/index.php?rest_route=\/wp\/v2\/media\/131"}],"wp:attachment":[{"href":"https:\/\/www.solardealarcao.pt\/index.php?rest_route=%2Fwp%2Fv2%2Fmedia&parent=43"}],"curies":[{"name":"wp","href":"https:\/\/api.w.org\/{rel}","templated":true}]}}